{"id":10599,"date":"2022-12-19T12:32:30","date_gmt":"2022-12-19T11:32:30","guid":{"rendered":"https:\/\/sp3h.com\/innovation\/"},"modified":"2025-10-22T17:15:30","modified_gmt":"2025-10-22T15:15:30","slug":"innovation","status":"publish","type":"page","link":"https:\/\/sp3h.com\/fr\/innovation\/","title":{"rendered":"Innovation"},"content":{"rendered":"<p>[et_pb_section fb_built=\u00a0\u00bb1&Prime; _builder_version=\u00a0\u00bb4.27.4&Prime; _module_preset=\u00a0\u00bbdefault\u00a0\u00bb background_image=\u00a0\u00bbhttps:\/\/sp3h.com\/wp-content\/uploads\/2024\/07\/banniere-nouvelle-page-site.png\u00a0\u00bb height=\u00a0\u00bb350px\u00a0\u00bb height_tablet=\u00a0\u00bb250px\u00a0\u00bb height_phone=\u00a0\u00bb200px\u00a0\u00bb height_last_edited=\u00a0\u00bbon|phone\u00a0\u00bb custom_padding=\u00a0\u00bb26px|||||\u00a0\u00bb hover_enabled=\u00a0\u00bb0&Prime; custom_css_main_element=\u00a0\u00bbdisplay: flex;\u00a0\u00bb locked=\u00a0\u00bboff\u00a0\u00bb global_colors_info=\u00a0\u00bb{}\u00a0\u00bb alt=\u00a0\u00bbefuel on truck certificate with sp3h\u00a0\u00bb title_text=\u00a0\u00bbbefuel on truck certificate with sp3h\u00a0\u00bb sticky_enabled=\u00a0\u00bb0&Prime;][et_pb_row _builder_version=\u00a0\u00bb4.19.4&Prime; _module_preset=\u00a0\u00bbdefault\u00a0\u00bb custom_margin=\u00a0\u00bb||||false|true\u00a0\u00bb custom_padding=\u00a0\u00bb0px||0px|||\u00a0\u00bb global_colors_info=\u00a0\u00bb{}\u00a0\u00bb][et_pb_column type=\u00a0\u00bb4_4&Prime; _builder_version=\u00a0\u00bb4.19.4&Prime; _module_preset=\u00a0\u00bbdefault\u00a0\u00bb global_colors_info=\u00a0\u00bb{}\u00a0\u00bb][et_pb_text _builder_version=\u00a0\u00bb4.27.4&Prime; _module_preset=\u00a0\u00bbdefault\u00a0\u00bb text_text_color=\u00a0\u00bb#000000&Prime; header_font=\u00a0\u00bb|700|||||||\u00a0\u00bb header_text_align=\u00a0\u00bbcenter\u00a0\u00bb header_text_color=\u00a0\u00bb#483BA2&Prime; header_font_size=\u00a0\u00bb7.5rem\u00a0\u00bb hover_enabled=\u00a0\u00bb0&Prime; global_colors_info=\u00a0\u00bb{}\u00a0\u00bb sticky_enabled=\u00a0\u00bb0&Prime;]<\/p>\n<h1><span style=\"color: #ffffff;\">En route vers la mobilit\u00e9 d\u00e9carbon\u00e9e<\/span><\/h1>\n<p>[\/et_pb_text][\/et_pb_column][\/et_pb_row][\/et_pb_section][et_pb_section fb_built=\u00a0\u00bb1&Prime; _builder_version=\u00a0\u00bb4.19.4&Prime; _module_preset=\u00a0\u00bbdefault\u00a0\u00bb background_enable_image=\u00a0\u00bboff\u00a0\u00bb background_size=\u00a0\u00bbcontain\u00a0\u00bb background_position=\u00a0\u00bbtop_center\u00a0\u00bb background_vertical_offset=\u00a0\u00bb28%\u00a0\u00bb custom_padding=\u00a0\u00bb||20px||false|false\u00a0\u00bb locked=\u00a0\u00bboff\u00a0\u00bb global_colors_info=\u00a0\u00bb{}\u00a0\u00bb][et_pb_row _builder_version=\u00a0\u00bb4.19.4&Prime; _module_preset=\u00a0\u00bbdefault\u00a0\u00bb custom_padding=\u00a0\u00bb40px||||false|false\u00a0\u00bb global_colors_info=\u00a0\u00bb{}\u00a0\u00bb][et_pb_column type=\u00a0\u00bb4_4&Prime; _builder_version=\u00a0\u00bb4.19.4&Prime; _module_preset=\u00a0\u00bbdefault\u00a0\u00bb global_colors_info=\u00a0\u00bb{}\u00a0\u00bb][et_pb_text _builder_version=\u00a0\u00bb4.22.2&Prime; _module_preset=\u00a0\u00bbdefault\u00a0\u00bb header_2_font=\u00a0\u00bb|700|||||||\u00a0\u00bb header_2_font_size=\u00a0\u00bb5rem\u00a0\u00bb global_colors_info=\u00a0\u00bb{}\u00a0\u00bb]<\/p>\n<h2>TECHNOLOGIE PROCHE INFRAROUGE<\/h2>\n<p>[\/et_pb_text][et_pb_text _builder_version=\u00a0\u00bb4.19.4&Prime; _module_preset=\u00a0\u00bbdefault\u00a0\u00bb text_line_height=\u00a0\u00bb2.4em\u00a0\u00bb custom_margin=\u00a0\u00bb60px||||false|false\u00a0\u00bb global_colors_info=\u00a0\u00bb{}\u00a0\u00bb]<\/p>\n<p>Les capteurs miniaturis\u00e9s d\u00e9velopp\u00e9s par SP3H (FluidBox) utilisent la technologie Proche Infrarouge et permet de cartographier la composition mol\u00e9culaire des carburants en quelques secondes. Ces informations sont obtenues en num\u00e9risant le signal venant des centaines de mol\u00e9cules qui composent le carburant, permettant ainsi d&rsquo;obtenir l&rsquo;\u00e9quivalent de son empreinte g\u00e9n\u00e9tique. <\/p>\n<p>Pendant que le flux du carburant circule au travers du capteur, une source lumineuse (InfraRouge) est utilis\u00e9e pour scanner le produit sur plusieurs centaines de fr\u00e9quences (longueur d&rsquo;ondes). Les mol\u00e9cules contenues dans le carburant interagissent avec la lumi\u00e8re en absorbant une partie de l\u2019\u00e9nergie \u00e0 des fr\u00e9quences qui leur sont propres. Ce signal est transform\u00e9 en un spectre proche infrarouge (NIR) qui constitue l&#8217;empreinte ADN du carburant.  <\/p>\n<p>[\/et_pb_text][\/et_pb_column][\/et_pb_row][et_pb_row _builder_version=\u00a0\u00bb4.19.4&Prime; _module_preset=\u00a0\u00bbdefault\u00a0\u00bb background_color=\u00a0\u00bb#483BA2&Prime; custom_margin=\u00a0\u00bb30px|auto||auto|false|false\u00a0\u00bb custom_padding=\u00a0\u00bb30px|30px|30px|30px|true|true\u00a0\u00bb border_radii=\u00a0\u00bbon|10px|10px|10px|10px\u00a0\u00bb global_colors_info=\u00a0\u00bb{}\u00a0\u00bb][et_pb_column type=\u00a0\u00bb4_4&Prime; _builder_version=\u00a0\u00bb4.19.4&Prime; _module_preset=\u00a0\u00bbdefault\u00a0\u00bb global_colors_info=\u00a0\u00bb{}\u00a0\u00bb][et_pb_text _builder_version=\u00a0\u00bb4.19.4&Prime; _module_preset=\u00a0\u00bbdefault\u00a0\u00bb text_text_color=\u00a0\u00bb#FFFFFF\u00a0\u00bb text_line_height=\u00a0\u00bb2.2em\u00a0\u00bb global_colors_info=\u00a0\u00bb{}\u00a0\u00bb]<\/p>\n<p>Les donn\u00e9es contenues dans le spectre NIR sont extraites et transform\u00e9es en informations en appliquant des algorithmes propri\u00e9taires appel\u00e9s HydroCarbon Profilers\u2122 (ou HCP\u2122). Ces donn\u00e9es permettent de fournir \u00e0 l&rsquo;ordinateur de bord qui g\u00e8re le moteur des informations pr\u00e9cises sur la composition mol\u00e9culaire du carburant, afin de r\u00e9duire les \u00e9missions polluantes et de CO2. Cette approche est aussi utilis\u00e9e pour certifier en temps r\u00e9el la teneur et le type de biocarburants renouvelables ou de synth\u00e8se pr\u00e9sents dans le r\u00e9servoir.  <\/p>\n<p>[\/et_pb_text][\/et_pb_column][\/et_pb_row][\/et_pb_section][et_pb_section fb_built=\u00a0\u00bb1&Prime; _builder_version=\u00a0\u00bb4.19.4&Prime; _module_preset=\u00a0\u00bbdefault\u00a0\u00bb global_colors_info=\u00a0\u00bb{}\u00a0\u00bb][et_pb_row column_structure=\u00a0\u00bb1_2,1_2&Prime; _builder_version=\u00a0\u00bb4.19.4&Prime; _module_preset=\u00a0\u00bbdefault\u00a0\u00bb width=\u00a0\u00bb100%\u00a0\u00bb width_tablet=\u00a0\u00bb80%\u00a0\u00bb width_phone=\u00a0\u00bb80%\u00a0\u00bb width_last_edited=\u00a0\u00bbon|tablet\u00a0\u00bb max_width=\u00a0\u00bb100%\u00a0\u00bb global_colors_info=\u00a0\u00bb{}\u00a0\u00bb][et_pb_column type=\u00a0\u00bb1_2&Prime; _builder_version=\u00a0\u00bb4.19.4&Prime; _module_preset=\u00a0\u00bbdefault\u00a0\u00bb global_colors_info=\u00a0\u00bb{}\u00a0\u00bb][et_pb_image src=\u00a0\u00bbhttps:\/\/sp3h.com\/wp-content\/uploads\/2022\/12\/Promesses-tn.png\u00a0\u00bb alt=\u00a0\u00bbpromesses tn\u00a0\u00bb title_text=\u00a0\u00bbpromesses tn\u00a0\u00bb _builder_version=\u00a0\u00bb4.19.4&Prime; _module_preset=\u00a0\u00bbdefault\u00a0\u00bb hover_transition_duration=\u00a0\u00bb0ms\u00a0\u00bb global_colors_info=\u00a0\u00bb{}\u00a0\u00bb][\/et_pb_image][\/et_pb_column][et_pb_column type=\u00a0\u00bb1_2&Prime; _builder_version=\u00a0\u00bb4.19.4&Prime; _module_preset=\u00a0\u00bbdefault\u00a0\u00bb global_colors_info=\u00a0\u00bb{}\u00a0\u00bb][et_pb_text _builder_version=\u00a0\u00bb4.22.2&Prime; _module_preset=\u00a0\u00bbdefault\u00a0\u00bb text_line_height=\u00a0\u00bb2.4em\u00a0\u00bb header_2_font=\u00a0\u00bb|700|||||||\u00a0\u00bb header_2_font_size=\u00a0\u00bb5rem\u00a0\u00bb width=\u00a0\u00bb60%\u00a0\u00bb width_tablet=\u00a0\u00bb100%\u00a0\u00bb width_phone=\u00a0\u00bb100%\u00a0\u00bb width_last_edited=\u00a0\u00bbon|tablet\u00a0\u00bb global_colors_info=\u00a0\u00bb{}\u00a0\u00bb]<\/p>\n<h2>CERTIFIEZ L&rsquo;ADN DES CARBURANTS<\/h2>\n<p>&nbsp;<\/p>\n<p>La technologie FluidBox permet de certifier l&rsquo;origine des carburants \u00e0 bord des v\u00e9hicules en temps r\u00e9el, garantissant les r\u00e9ductions drastiques des \u00e9missions polluantes et de CO2 sur des carburants renouvelables et de synth\u00e8se. Une co-optimisation du moteur est rendu possible avec le capteur intelligent de SP3H, offrant des gains suppl\u00e9mentaires en termes de consommation, CO2 et rejets polluants.<\/p>\n<p>[\/et_pb_text][\/et_pb_column][\/et_pb_row][\/et_pb_section][et_pb_section fb_built=\u00a0\u00bb1&Prime; _builder_version=\u00a0\u00bb4.27.4&Prime; _module_preset=\u00a0\u00bbdefault\u00a0\u00bb background_enable_image=\u00a0\u00bboff\u00a0\u00bb background_size=\u00a0\u00bbcontain\u00a0\u00bb background_position=\u00a0\u00bbbottom_center\u00a0\u00bb background_vertical_offset=\u00a0\u00bb-44%\u00a0\u00bb global_colors_info=\u00a0\u00bb{}\u00a0\u00bb][et_pb_row _builder_version=\u00a0\u00bb4.19.4&Prime; _module_preset=\u00a0\u00bbdefault\u00a0\u00bb global_colors_info=\u00a0\u00bb{}\u00a0\u00bb][et_pb_column type=\u00a0\u00bb4_4&Prime; _builder_version=\u00a0\u00bb4.19.4&Prime; _module_preset=\u00a0\u00bbdefault\u00a0\u00bb global_colors_info=\u00a0\u00bb{}\u00a0\u00bb][et_pb_text module_class=\u00a0\u00bbcheck-li\u00a0\u00bb _builder_version=\u00a0\u00bb4.22.2&Prime; _module_preset=\u00a0\u00bbdefault\u00a0\u00bb ul_line_height=\u00a0\u00bb2.6em\u00a0\u00bb header_2_font=\u00a0\u00bb|700|||||||\u00a0\u00bb header_2_font_size=\u00a0\u00bb5rem\u00a0\u00bb global_colors_info=\u00a0\u00bb{}\u00a0\u00bb]<\/p>\n<h2>RECONNU PAR LES PLUS GRANDS DONNEURS D&rsquo;ORDRE DU SECTEUR<\/h2>\n<p>&nbsp;<\/p>\n<p>&nbsp;<\/p>\n<ul>\n<li>Prix d&rsquo;Argent des I-nnovation Awards de la cat\u00e9gorie \u00c9quipementier \/ SOLUTRANS (2023)<\/li>\n<li>Label \u00ab\u00a0Tech For Good\u00a0\u00bb et \u00ab\u00a0entreprise \u00e0 impact\u00a0\u00bb de BPI, France Digital (2021-22-23)<\/li>\n<li>Laur\u00e9at France Relance 2030 (fili\u00e8re automobile) (2021) &#8211; Financ\u00e9 par le Gouvernement<\/li>\n<li>Laur\u00e9at Entreprise Engag\u00e9e pour la Transition Ecologique : EETE (2021) \/ ADEME<\/li>\n<li>Laur\u00e9at du concours Tech For Future, cat\u00e9gorie industrie du futur (2020) \/ La Tribune<\/li>\n<li>Laur\u00e9at instrument PME phase 2 EIC \/ obtention du label Climate Change (goal 13) SDG United Nation (2019)<\/li>\n<li>Meilleure innovation technologique automobile (2015) (Europe) &#8211; Frost &amp; Sullivan<\/li>\n<li>2e place du Global Challenge: Clean tech open final (USA \/ World) (2012)<\/li>\n<li>Vainqueur Clean Tech Open (FR) (2012)<\/li>\n<li>Prix de l\u2019Ing\u00e9nieur de l\u2019Ann\u00e9e \/ D\u00e9veloppement Durable (Usine Nouvelle) (2011)<\/li>\n<li>Prix de la meilleure innovation dans le secteur Oil&amp;Gaz et p\u00e9trolier (GEP \/ AFTP) (2010)<\/li>\n<\/ul>\n<p>[\/et_pb_text][\/et_pb_column][\/et_pb_row][\/et_pb_section]<\/p>\n","protected":false},"excerpt":{"rendered":"<p>En route vers la mobilit\u00e9 d\u00e9carbon\u00e9eTECHNOLOGIE PROCHE INFRAROUGELes capteurs miniaturis\u00e9s d\u00e9velopp\u00e9s par SP3H (FluidBox) utilisent la technologie Proche Infrarouge et permet de cartographier la composition mol\u00e9culaire des carburants en quelques secondes. Ces informations sont obtenues en num\u00e9risant le signal venant des centaines de mol\u00e9cules qui composent le carburant, permettant ainsi d&rsquo;obtenir l&rsquo;\u00e9quivalent de son empreinte [&hellip;]<\/p>\n","protected":false},"author":7,"featured_media":0,"parent":0,"menu_order":10,"comment_status":"closed","ping_status":"closed","template":"","meta":{"_seopress_robots_primary_cat":"","_seopress_titles_title":"La technologie IR des FLUIDBOX de SP3H et ses prix","_seopress_titles_desc":"La technologie FluidBox, plusieurs fois r\u00e9compens\u00e9e, permet de certifier, en temps r\u00e9el, la qualit\u00e9 et la composition mol\u00e9culaire de tous types de carburants","_seopress_robots_index":"","_et_pb_use_builder":"on","_et_pb_old_content":"","_et_gb_content_width":"","footnotes":""},"class_list":["post-10599","page","type-page","status-publish"],"_links":{"self":[{"href":"https:\/\/sp3h.com\/fr\/wp-json\/wp\/v2\/pages\/10599","targetHints":{"allow":["GET"]}}],"collection":[{"href":"https:\/\/sp3h.com\/fr\/wp-json\/wp\/v2\/pages"}],"about":[{"href":"https:\/\/sp3h.com\/fr\/wp-json\/wp\/v2\/types\/page"}],"author":[{"embeddable":true,"href":"https:\/\/sp3h.com\/fr\/wp-json\/wp\/v2\/users\/7"}],"replies":[{"embeddable":true,"href":"https:\/\/sp3h.com\/fr\/wp-json\/wp\/v2\/comments?post=10599"}],"version-history":[{"count":0,"href":"https:\/\/sp3h.com\/fr\/wp-json\/wp\/v2\/pages\/10599\/revisions"}],"wp:attachment":[{"href":"https:\/\/sp3h.com\/fr\/wp-json\/wp\/v2\/media?parent=10599"}],"curies":[{"name":"wp","href":"https:\/\/api.w.org\/{rel}","templated":true}]}}