{"id":10598,"date":"2022-12-19T12:32:30","date_gmt":"2022-12-19T11:32:30","guid":{"rendered":"https:\/\/sp3h.com\/solutions\/"},"modified":"2025-10-22T17:30:07","modified_gmt":"2025-10-22T15:30:07","slug":"solutions","status":"publish","type":"page","link":"https:\/\/sp3h.com\/fr\/solutions\/","title":{"rendered":"Solutions"},"content":{"rendered":"<p>[et_pb_section fb_built=\u00a0\u00bb1&Prime; _builder_version=\u00a0\u00bb4.27.4&Prime; _module_preset=\u00a0\u00bbdefault\u00a0\u00bb background_image=\u00a0\u00bbhttps:\/\/sp3h.com\/wp-content\/uploads\/2024\/05\/les-3-capteurs.png\u00a0\u00bb height=\u00a0\u00bb350px\u00a0\u00bb height_tablet=\u00a0\u00bb250px\u00a0\u00bb height_phone=\u00a0\u00bb200px\u00a0\u00bb height_last_edited=\u00a0\u00bbon|phone\u00a0\u00bb custom_padding=\u00a0\u00bb26px|||||\u00a0\u00bb hover_enabled=\u00a0\u00bb0&Prime; custom_css_main_element=\u00a0\u00bbdisplay: flex;\u00a0\u00bb locked=\u00a0\u00bboff\u00a0\u00bb global_colors_info=\u00a0\u00bb{}\u00a0\u00bb alt=\u00a0\u00bbles capteurs FluidBox de SP3H, analyseur NIR\u00a0\u00bb title_text=\u00a0\u00bbLes capteurs FluidBox de  SP3H\u00a0\u00bb sticky_enabled=\u00a0\u00bb0&Prime;][et_pb_row _builder_version=\u00a0\u00bb4.19.4&Prime; _module_preset=\u00a0\u00bbdefault\u00a0\u00bb custom_margin=\u00a0\u00bb||||false|true\u00a0\u00bb custom_padding=\u00a0\u00bb0px||0px|||\u00a0\u00bb global_colors_info=\u00a0\u00bb{}\u00a0\u00bb][et_pb_column type=\u00a0\u00bb4_4&Prime; _builder_version=\u00a0\u00bb4.19.4&Prime; _module_preset=\u00a0\u00bbdefault\u00a0\u00bb global_colors_info=\u00a0\u00bb{}\u00a0\u00bb][et_pb_text _builder_version=\u00a0\u00bb4.27.4&Prime; _module_preset=\u00a0\u00bbdefault\u00a0\u00bb text_text_color=\u00a0\u00bb#000000&Prime; header_font=\u00a0\u00bb|700|||||||\u00a0\u00bb header_text_align=\u00a0\u00bbcenter\u00a0\u00bb header_text_color=\u00a0\u00bb#483BA2&Prime; header_font_size=\u00a0\u00bb7.5rem\u00a0\u00bb hover_enabled=\u00a0\u00bb0&Prime; global_colors_info=\u00a0\u00bb{}\u00a0\u00bb sticky_enabled=\u00a0\u00bb0&Prime;]<\/p>\n<h1><span style=\"color: #ffffff;\">Nos analyseurs FluidBox<\/span><\/h1>\n<p>[\/et_pb_text][\/et_pb_column][\/et_pb_row][\/et_pb_section][et_pb_section fb_built=\u00a0\u00bb1&Prime; _builder_version=\u00a0\u00bb4.19.4&Prime; _module_preset=\u00a0\u00bbdefault\u00a0\u00bb background_enable_image=\u00a0\u00bboff\u00a0\u00bb background_size=\u00a0\u00bbcontain\u00a0\u00bb background_position=\u00a0\u00bbtop_center\u00a0\u00bb background_vertical_offset=\u00a0\u00bb28%\u00a0\u00bb custom_padding=\u00a0\u00bb||45px|||\u00a0\u00bb locked=\u00a0\u00bboff\u00a0\u00bb global_colors_info=\u00a0\u00bb{}\u00a0\u00bb][et_pb_row admin_label=\u00a0\u00bbLigne\u00a0\u00bb _builder_version=\u00a0\u00bb4.19.4&Prime; _module_preset=\u00a0\u00bbdefault\u00a0\u00bb custom_padding=\u00a0\u00bb75px|||||\u00a0\u00bb global_colors_info=\u00a0\u00bb{}\u00a0\u00bb][et_pb_column type=\u00a0\u00bb4_4&Prime; _builder_version=\u00a0\u00bb4.19.4&Prime; _module_preset=\u00a0\u00bbdefault\u00a0\u00bb global_colors_info=\u00a0\u00bb{}\u00a0\u00bb][et_pb_text _builder_version=\u00a0\u00bb4.22.2&Prime; _module_preset=\u00a0\u00bbdefault\u00a0\u00bb header_2_font=\u00a0\u00bb|700|||||||\u00a0\u00bb header_2_font_size=\u00a0\u00bb5rem\u00a0\u00bb global_colors_info=\u00a0\u00bb{}\u00a0\u00bb]<\/p>\n<h2>SP3H, PREMIER FOURNISSEUR MONDIAL DE CAPTEURS OPTIQUES INTELLIGENTS<\/h2>\n<p>[\/et_pb_text][et_pb_text _builder_version=\u00a0\u00bb4.19.4&Prime; _module_preset=\u00a0\u00bbdefault\u00a0\u00bb text_line_height=\u00a0\u00bb2.4em\u00a0\u00bb custom_margin=\u00a0\u00bb60px||||false|false\u00a0\u00bb global_colors_info=\u00a0\u00bb{}\u00a0\u00bb]<\/p>\n<p>Sur la base de son exp\u00e9rience pass\u00e9e de l&rsquo;industrie p\u00e9troli\u00e8re, agronomique et recyclage des d\u00e9chets, l&rsquo;\u00e9quipe SP3H a \u00e9t\u00e9 la premi\u00e8re au monde \u00e0 d\u00e9velopper une solution miniaturis\u00e9e d\u2019analyse de structures mol\u00e9culaires des fluides par proche infrarouge, compatible avec les environnements les plus difficiles (temp\u00e9rature, vibrations) permettant un suivi embarqu\u00e9 ou en ligne et en temps r\u00e9el de la qualit\u00e9 des carburants et des fluides.<\/p>\n<p>[\/et_pb_text][\/et_pb_column][\/et_pb_row][et_pb_row column_structure=\u00a0\u00bb1_3,1_3,1_3&Prime; make_equal=\u00a0\u00bbon\u00a0\u00bb admin_label=\u00a0\u00bbLigne\u00a0\u00bb module_class=\u00a0\u00bbsolutions-products\u00a0\u00bb _builder_version=\u00a0\u00bb4.19.4&Prime; _module_preset=\u00a0\u00bbdefault\u00a0\u00bb custom_padding=\u00a0\u00bb120px|||||\u00a0\u00bb global_colors_info=\u00a0\u00bb{}\u00a0\u00bb background__hover_enabled=\u00a0\u00bbon|hover\u00a0\u00bb][et_pb_column type=\u00a0\u00bb1_3&Prime; _builder_version=\u00a0\u00bb4.19.4&Prime; _module_preset=\u00a0\u00bbdefault\u00a0\u00bb background_enable_color=\u00a0\u00bboff\u00a0\u00bb custom_padding=\u00a0\u00bb|30px||30px|false|true\u00a0\u00bb link_option_url=\u00a0\u00bb#micro\u00a0\u00bb border_radii=\u00a0\u00bbon|10px|10px|10px|10px\u00a0\u00bb box_shadow_style=\u00a0\u00bbpreset2&Prime; global_colors_info=\u00a0\u00bb{}\u00a0\u00bb background__hover_enabled=\u00a0\u00bbon|hover\u00a0\u00bb background_color__hover=\u00a0\u00bb#483BA2&Prime; background_enable_color__hover=\u00a0\u00bbon\u00a0\u00bb][et_pb_blurb title=\u00a0\u00bbFLUIDBOX MICRO\u00a0\u00bb image=\u00a0\u00bbhttps:\/\/sp3h.com\/wp-content\/uploads\/2024\/11\/photo-fluidbox-v2-transparente.png\u00a0\u00bb alt=\u00a0\u00bbFluidBox V2 NIR technologie\u00a0\u00bb image_icon_width=\u00a0\u00bb40%\u00a0\u00bb icon_alignment=\u00a0\u00bbleft\u00a0\u00bb _builder_version=\u00a0\u00bb4.27.0&Prime; _module_preset=\u00a0\u00bbdefault\u00a0\u00bb header_level=\u00a0\u00bbh3&Prime; header_font=\u00a0\u00bb|700|||||||\u00a0\u00bb header_font_size=\u00a0\u00bb3.2rem\u00a0\u00bb header_line_height=\u00a0\u00bb1.3em\u00a0\u00bb custom_margin=\u00a0\u00bb||||false|false\u00a0\u00bb custom_margin_tablet=\u00a0\u00bb||25px||false|false\u00a0\u00bb custom_margin_phone=\u00a0\u00bb||25px||false|false\u00a0\u00bb custom_margin_last_edited=\u00a0\u00bbon|tablet\u00a0\u00bb custom_padding_tablet=\u00a0\u00bb||||false|false\u00a0\u00bb custom_padding_phone=\u00a0\u00bb||||false|false\u00a0\u00bb custom_padding_last_edited=\u00a0\u00bbon|tablet\u00a0\u00bb global_colors_info=\u00a0\u00bb{}\u00a0\u00bb][\/et_pb_blurb][\/et_pb_column][et_pb_column type=\u00a0\u00bb1_3&Prime; _builder_version=\u00a0\u00bb4.19.4&Prime; _module_preset=\u00a0\u00bbdefault\u00a0\u00bb custom_padding=\u00a0\u00bb|30px||30px|false|true\u00a0\u00bb link_option_url=\u00a0\u00bb#spectro\u00a0\u00bb border_radii=\u00a0\u00bbon|10px|10px|10px|10px\u00a0\u00bb box_shadow_style=\u00a0\u00bbpreset2&Prime; global_colors_info=\u00a0\u00bb{}\u00a0\u00bb][et_pb_blurb title=\u00a0\u00bbFLUIDBOX SPECTRO\u00a0\u00bb image=\u00a0\u00bbhttps:\/\/sp3h.com\/wp-content\/uploads\/2022\/12\/FluidBox-spectro-tn.png\u00a0\u00bb alt=\u00a0\u00bbfluidbox spectro tn\u00a0\u00bb image_icon_width=\u00a0\u00bb40%\u00a0\u00bb icon_alignment=\u00a0\u00bbleft\u00a0\u00bb _builder_version=\u00a0\u00bb4.19.4&Prime; _module_preset=\u00a0\u00bbdefault\u00a0\u00bb header_level=\u00a0\u00bbh3&Prime; header_font=\u00a0\u00bb|700|||||||\u00a0\u00bb header_font_size=\u00a0\u00bb3.2rem\u00a0\u00bb header_line_height=\u00a0\u00bb1.3em\u00a0\u00bb custom_margin=\u00a0\u00bb||||false|false\u00a0\u00bb custom_padding=\u00a0\u00bb||25px||false|false\u00a0\u00bb global_colors_info=\u00a0\u00bb{}\u00a0\u00bb]<\/p>\n<p>Avec ou sans fibres optiques<\/p>\n<p>[\/et_pb_blurb][\/et_pb_column][et_pb_column type=\u00a0\u00bb1_3&Prime; _builder_version=\u00a0\u00bb4.19.4&Prime; _module_preset=\u00a0\u00bbdefault\u00a0\u00bb custom_padding=\u00a0\u00bb|30px||30px|false|true\u00a0\u00bb link_option_url=\u00a0\u00bb#ex\u00a0\u00bb border_radii=\u00a0\u00bbon|10px|10px|10px|10px\u00a0\u00bb box_shadow_style=\u00a0\u00bbpreset2&Prime; global_colors_info=\u00a0\u00bb{}\u00a0\u00bb][et_pb_blurb title=\u00a0\u00bbFLUIDBOX EX\u00a0\u00bb image=\u00a0\u00bbhttps:\/\/sp3h.com\/wp-content\/uploads\/2022\/12\/Fluidbox-ex-tn.png\u00a0\u00bb alt=\u00a0\u00bbfluidbox ex tn\u00a0\u00bb image_icon_width=\u00a0\u00bb40%\u00a0\u00bb icon_alignment=\u00a0\u00bbleft\u00a0\u00bb _builder_version=\u00a0\u00bb4.19.4&Prime; _module_preset=\u00a0\u00bbdefault\u00a0\u00bb header_level=\u00a0\u00bbh3&Prime; header_font=\u00a0\u00bb|700|||||||\u00a0\u00bb header_font_size=\u00a0\u00bb3.2rem\u00a0\u00bb header_line_height=\u00a0\u00bb1.3em\u00a0\u00bb custom_margin=\u00a0\u00bb||||false|false\u00a0\u00bb custom_margin_tablet=\u00a0\u00bb||25px||false|false\u00a0\u00bb custom_margin_phone=\u00a0\u00bb||25px||false|false\u00a0\u00bb custom_margin_last_edited=\u00a0\u00bbon|tablet\u00a0\u00bb global_colors_info=\u00a0\u00bb{}\u00a0\u00bb][\/et_pb_blurb][\/et_pb_column][\/et_pb_row][et_pb_row custom_padding_last_edited=\u00a0\u00bbon|phone\u00a0\u00bb admin_label=\u00a0\u00bbMicro\u00a0\u00bb module_id=\u00a0\u00bbmicro\u00a0\u00bb _builder_version=\u00a0\u00bb4.19.4&Prime; _module_preset=\u00a0\u00bbdefault\u00a0\u00bb custom_padding=\u00a0\u00bb130px|||||\u00a0\u00bb custom_padding_tablet=\u00a0\u00bb130px|||||\u00a0\u00bb custom_padding_phone=\u00a0\u00bb0px||||false|false\u00a0\u00bb global_colors_info=\u00a0\u00bb{}\u00a0\u00bb][et_pb_column type=\u00a0\u00bb4_4&Prime; _builder_version=\u00a0\u00bb4.19.4&Prime; _module_preset=\u00a0\u00bbdefault\u00a0\u00bb global_colors_info=\u00a0\u00bb{}\u00a0\u00bb][et_pb_text _builder_version=\u00a0\u00bb4.19.4&Prime; _module_preset=\u00a0\u00bbdefault\u00a0\u00bb header_2_font=\u00a0\u00bb|700|||||||\u00a0\u00bb header_2_font_size=\u00a0\u00bb5rem\u00a0\u00bb custom_padding=\u00a0\u00bb||20px||false|false\u00a0\u00bb global_colors_info=\u00a0\u00bb{}\u00a0\u00bb]<\/p>\n<h2>FLUIDBOX MICRO<\/h2>\n<p>&nbsp;<\/p>\n<p>La FluidBOX Micro est un scanner optique intelligent utilisant la technologie proche infrarouge (NIR) permettant d\u2019identifier la structure mol\u00e9culaire des fluides organiques. Le capteur est une mini-version des analyseurs en ligne utilis\u00e9s par l&rsquo;industrie p\u00e9troli\u00e8re depuis le d\u00e9but des ann\u00e9es 90 pour surveiller en ligne et en temps r\u00e9el la qualit\u00e9 du carburant pendant la production. <\/p>\n<p>[\/et_pb_text][et_pb_image src=\u00a0\u00bbhttps:\/\/sp3h.com\/wp-content\/uploads\/2024\/07\/Photo-capteur-micro-V2.1-noir-et-blanc-1.png\u00a0\u00bb alt=\u00a0\u00bbSP3H capteur micro v2.1 qui analyse en temps r\u00e9el la qualit\u00e9 et la composition mol\u00e9culaire des caburants, notamment les biocarburants\u00a0\u00bb title_text=\u00a0\u00bbSP3H capteur micro v2.1 qui analyse en temps r\u00e9el la qualit\u00e9 et la composition mol\u00e9culaire des caburants, notamment les biocarburants\u00a0\u00bb _builder_version=\u00a0\u00bb4.24.2&Prime; _module_preset=\u00a0\u00bbdefault\u00a0\u00bb border_radii=\u00a0\u00bbon|12px|12px|12px|12px\u00a0\u00bb global_colors_info=\u00a0\u00bb{}\u00a0\u00bb][\/et_pb_image][et_pb_text _builder_version=\u00a0\u00bb4.19.4&Prime; _module_preset=\u00a0\u00bbdefault\u00a0\u00bb text_line_height=\u00a0\u00bb2.2em\u00a0\u00bb header_3_font=\u00a0\u00bb|700|||||||\u00a0\u00bb header_3_text_color=\u00a0\u00bb#483BA2&Prime; header_3_font_size=\u00a0\u00bb2.4rem\u00a0\u00bb custom_padding=\u00a0\u00bb20px||||false|false\u00a0\u00bb locked=\u00a0\u00bboff\u00a0\u00bb global_colors_info=\u00a0\u00bb{}\u00a0\u00bb]<\/p>\n<h3>APPLICATION<\/h3>\n<p>Solution Embarqu\u00e9e de pr\u00e9diction des qualit\u00e9s des carburants, biocarburants et carburants de synth\u00e8se (essences, diesel, k\u00e9ro\u2026). Certificat qualit\u00e9 carburant (CO2; Emissions polluantes), dans le cadre des zones \u00e0 faibles \u00e9missions (ZFE) <\/p>\n<p>&nbsp;<\/p>\n<h3>MARCH\u00c9<\/h3>\n<p>La FluidBox micro est con\u00e7u pour le march\u00e9 du transport routier, non-routier, maritime, ferroviaire, a\u00e9rien, machine agricole et production d&rsquo;\u00e9lectricit\u00e9 (Genset &#8211; groupe diesel).<\/p>\n<p>&nbsp;<\/p>\n<h3>D\u00c9TAILS<\/h3>\n<p>La miniaturisation extr\u00eame du bo\u00eetier permet une installation sur le ch\u00e2ssis ou dans le compartiment moteur du v\u00e9hicule. Le bo\u00eetier offre un fonctionnement sur une plage de temp\u00e9rature de -20 \u00e0 85\u00b0C et sur des d\u00e9bits allant jusqu&rsquo;\u00e0 500 L\/H et 20 bars. Le bo\u00eetier est \u00e9quip\u00e9 d&rsquo;une connectique CAN 2.0.  <\/p>\n<p>[\/et_pb_text][\/et_pb_column][\/et_pb_row][\/et_pb_section][et_pb_section fb_built=\u00a0\u00bb1&Prime; _builder_version=\u00a0\u00bb4.19.4&Prime; _module_preset=\u00a0\u00bbdefault\u00a0\u00bb background_color=\u00a0\u00bb#F9F9F9&Prime; custom_padding=\u00a0\u00bb||75px|||\u00a0\u00bb global_colors_info=\u00a0\u00bb{}\u00a0\u00bb][et_pb_row custom_padding_last_edited=\u00a0\u00bbon|phone\u00a0\u00bb admin_label=\u00a0\u00bbSpectro\u00a0\u00bb module_id=\u00a0\u00bbspectro\u00a0\u00bb _builder_version=\u00a0\u00bb4.19.4&Prime; _module_preset=\u00a0\u00bbdefault\u00a0\u00bb custom_padding=\u00a0\u00bb100px|||||\u00a0\u00bb custom_padding_tablet=\u00a0\u00bb130px|||||\u00a0\u00bb custom_padding_phone=\u00a0\u00bb0px||||false|false\u00a0\u00bb locked=\u00a0\u00bboff\u00a0\u00bb global_colors_info=\u00a0\u00bb{}\u00a0\u00bb][et_pb_column type=\u00a0\u00bb4_4&Prime; _builder_version=\u00a0\u00bb4.19.4&Prime; _module_preset=\u00a0\u00bbdefault\u00a0\u00bb global_colors_info=\u00a0\u00bb{}\u00a0\u00bb][et_pb_text _builder_version=\u00a0\u00bb4.19.4&Prime; _module_preset=\u00a0\u00bbdefault\u00a0\u00bb header_2_font=\u00a0\u00bb|700|||||||\u00a0\u00bb header_2_font_size=\u00a0\u00bb5rem\u00a0\u00bb custom_padding=\u00a0\u00bb||20px||false|false\u00a0\u00bb global_colors_info=\u00a0\u00bb{}\u00a0\u00bb]<\/p>\n<h2>FLUIDBOX SPECTRO<\/h2>\n<p>&nbsp;<\/p>\n<p>Compacts et robustes, offrant une stabilit\u00e9 et une pr\u00e9cision in\u00e9gal\u00e9e pour leur taille, nos syst\u00e8mes FluidBox Spectro sont pr\u00e9alablement \u00e9talonn\u00e9s sur une gamme de temp\u00e9rature allant de -20\u00b0C \u00e0 85\u00b0C pour la solution non fibr\u00e9e, sans compromis sur la performance. La version fibr\u00e9e permet de d\u00e9porter l&rsquo;analyse gr\u00e2ce \u00e0 l&rsquo;utilisation de fibres optiques permettant de mesurer des produits dans des conditions de process (temp\u00e9rature ; pression) \u00e9tendues. <\/p>\n<p>[\/et_pb_text][et_pb_image src=\u00a0\u00bbhttps:\/\/sp3h.com\/wp-content\/uploads\/2022\/12\/big-FluidBox-spectro-tn.png\u00a0\u00bb alt=\u00a0\u00bbbig fluidbox spectro tn\u00a0\u00bb title_text=\u00a0\u00bbbig fluidbox spectro tn\u00a0\u00bb _builder_version=\u00a0\u00bb4.19.4&Prime; _module_preset=\u00a0\u00bbdefault\u00a0\u00bb global_colors_info=\u00a0\u00bb{}\u00a0\u00bb][\/et_pb_image][et_pb_text _builder_version=\u00a0\u00bb4.19.4&Prime; _module_preset=\u00a0\u00bbdefault\u00a0\u00bb text_line_height=\u00a0\u00bb2.2em\u00a0\u00bb header_3_font=\u00a0\u00bbOpen Sans|700|||||||\u00a0\u00bb header_3_text_color=\u00a0\u00bb#483BA2&Prime; header_3_font_size=\u00a0\u00bb2.4rem\u00a0\u00bb custom_padding=\u00a0\u00bb20px||||false|false\u00a0\u00bb locked=\u00a0\u00bboff\u00a0\u00bb global_colors_info=\u00a0\u00bb{}\u00a0\u00bb]<\/p>\n<h3>APPLICATION<\/h3>\n<p>Les applications sont multiples gr\u00e2ce \u00e0 une large s\u00e9lection de gammes spectrales et un choix de cellule de mesure en Inox ou Aluminium permettant ainsi une int\u00e9gration dans de nombreux processus industriels. Nos FluidBox Spectro peuvent int\u00e9grer du traitement de signal ainsi que des mod\u00e8les math\u00e9matiques \/ statistiques sp\u00e9cifiques permettant de pr\u00e9dire diverses propri\u00e9t\u00e9s du fluide analys\u00e9 (Teneur en EAU, % Alcool, % Sucre, % r\u00e9actifs,). <\/p>\n<p>&nbsp;<\/p>\n<h3>MARCH\u00c9<\/h3>\n<p>Le FluidBox Spectro est \u00e0 destination du march\u00e9 de l&rsquo;industrie de proc\u00e9d\u00e9s (Chimie, Agroalimentaire, p\u00e9trochimie \u2026)<\/p>\n<p>&nbsp;<\/p>\n<h3>D\u00c9TAILS<\/h3>\n<p>Notre technologie est bas\u00e9e sur 30 ans d\u2019exp\u00e9rience d&rsquo;utilisation et de d\u00e9veloppement d&rsquo;instruments de type spectrom\u00e8tres NIR pour du process en ligne. La spectroscopie proche Infrarouge (NIR) est une m\u00e9thode non-invasive, non-destructive et temps r\u00e9el, largement d\u00e9ploy\u00e9e dans la plupart des industries de proc\u00e9d\u00e9s (contr\u00f4le de production et optimisation de proc\u00e9d\u00e9s) depuis plus de 4 d\u00e9cennies pour analyse en continu des propri\u00e9t\u00e9s des fluides. Les capteurs sont \u00e9quip\u00e9s d&rsquo;une connexion RS485.  <\/p>\n<p>[\/et_pb_text][\/et_pb_column][\/et_pb_row][\/et_pb_section][et_pb_section fb_built=\u00a0\u00bb1&Prime; _builder_version=\u00a0\u00bb4.19.4&Prime; _module_preset=\u00a0\u00bbdefault\u00a0\u00bb background_color=\u00a0\u00bb#F9F9F9&Prime; custom_padding=\u00a0\u00bb||75px|||\u00a0\u00bb global_colors_info=\u00a0\u00bb{}\u00a0\u00bb][et_pb_row custom_padding_last_edited=\u00a0\u00bbon|phone\u00a0\u00bb admin_label=\u00a0\u00bbSpectro\u00a0\u00bb module_id=\u00a0\u00bbspectro\u00a0\u00bb _builder_version=\u00a0\u00bb4.19.4&Prime; _module_preset=\u00a0\u00bbdefault\u00a0\u00bb custom_padding=\u00a0\u00bb100px|||||\u00a0\u00bb custom_padding_tablet=\u00a0\u00bb130px|||||\u00a0\u00bb custom_padding_phone=\u00a0\u00bb0px||||false|false\u00a0\u00bb locked=\u00a0\u00bboff\u00a0\u00bb global_colors_info=\u00a0\u00bb{}\u00a0\u00bb][et_pb_column type=\u00a0\u00bb4_4&Prime; _builder_version=\u00a0\u00bb4.19.4&Prime; _module_preset=\u00a0\u00bbdefault\u00a0\u00bb global_colors_info=\u00a0\u00bb{}\u00a0\u00bb][et_pb_text _builder_version=\u00a0\u00bb4.27.0&Prime; _module_preset=\u00a0\u00bbdefault\u00a0\u00bb header_2_font=\u00a0\u00bb|700|||||||\u00a0\u00bb header_2_font_size=\u00a0\u00bb5rem\u00a0\u00bb custom_padding=\u00a0\u00bb||20px||false|false\u00a0\u00bb global_colors_info=\u00a0\u00bb{}\u00a0\u00bb]<\/p>\n<h2>FLUIDBOX SPECTRO NON ATEX<\/h2>\n<p>&nbsp;<\/p>\n<p><span>La\u00a0<\/span>FluidBox Spectro<span>, \u00e9quip\u00e9 de fibres optiques, est une solution avanc\u00e9e d\u00e9di\u00e9e aux zones non ATEX ou aux approches de pr\u00e9s\u00e9lection. Con\u00e7u pour des environnements industriels exigeants, il associe robustesse et pr\u00e9cision.<\/span><\/p>\n<p>[\/et_pb_text][et_pb_image src=\u00a0\u00bbhttps:\/\/sp3h.com\/wp-content\/uploads\/2024\/11\/fqbf-allume.png\u00a0\u00bb alt=\u00a0\u00bbfqbf fluidbox spectro\u00a0\u00bb title_text=\u00a0\u00bbfqbf allum\u00e9\u00a0\u00bb _builder_version=\u00a0\u00bb4.27.0&Prime; _module_preset=\u00a0\u00bbdefault\u00a0\u00bb border_radii=\u00a0\u00bbon|15px|15px|15px|15px\u00a0\u00bb global_colors_info=\u00a0\u00bb{}\u00a0\u00bb][\/et_pb_image][et_pb_text _builder_version=\u00a0\u00bb4.27.0&Prime; _module_preset=\u00a0\u00bbdefault\u00a0\u00bb text_line_height=\u00a0\u00bb2.2em\u00a0\u00bb header_3_font=\u00a0\u00bbOpen Sans|700|||||||\u00a0\u00bb header_3_text_color=\u00a0\u00bb#483BA2&Prime; header_3_font_size=\u00a0\u00bb2.4rem\u00a0\u00bb custom_padding=\u00a0\u00bb20px||||false|false\u00a0\u00bb locked=\u00a0\u00bboff\u00a0\u00bb global_colors_info=\u00a0\u00bb{}\u00a0\u00bb]<\/p>\n<h3>APPLICATION<\/h3>\n<p><span>Cette technologie est id\u00e9ale pour les applications n\u00e9cessitant une analyse rapide, pr\u00e9cise et flexible des fluides dans des conditions industrielles standard. Avec plus de 2 ans et demi de service \u00e9prouv\u00e9, le FluidBox Spectro FQBF s\u2019impose comme une solution fiable et performante pour l\u2019analyse spectroscopique en ligne dans des environnements non class\u00e9s ATEX.<\/span><\/p>\n<p>&nbsp;<\/p>\n<h3>MARCH\u00c9<\/h3>\n<p>Le FluidBox Spectro est \u00e0 destination du march\u00e9 de l&rsquo;industrie de proc\u00e9d\u00e9s (Chimie, Agroalimentaire, p\u00e9trochimie \u2026)<\/p>\n<p>&nbsp;<\/p>\n<h3>D\u00c9TAILS<\/h3>\n<p><span style=\"text-decoration: underline;\">Bo\u00eetier r\u00e9sistant\u00a0:<\/span> Fabriqu\u00e9 en polyamide ou polyester haute r\u00e9sistance, conforme \u00e0 la norme IP65 et offrant une excellente r\u00e9sistance chimique, notamment aux c\u00e9tones.<\/p>\n<p><span style=\"text-decoration: underline;\">Plage de temp\u00e9rature calibr\u00e9e\u00a0:<\/span> De 0\u00b0C \u00e0 +50\u00b0C, garantissant des performances fiables m\u00eame dans des conditions variables.<\/p>\n<p><span style=\"text-decoration: underline;\">Technologie NIR\u00a0:<\/span> S\u00e9lection de l\u2019une des 3 plages spectrales NIR (1350-1650 nm, 1650-1950 nm, 1750-2150 nm) selon les besoins.<\/p>\n<p><span style=\"text-decoration: underline;\">Capteur de temp\u00e9rature PT100 int\u00e9gr\u00e9\u00a0:<\/span> Pour des mesures pr\u00e9cises et une correction thermique fiable.<\/p>\n<p>[\/et_pb_text][\/et_pb_column][\/et_pb_row][\/et_pb_section][et_pb_section fb_built=\u00a0\u00bb1&Prime; _builder_version=\u00a0\u00bb4.19.4&Prime; _module_preset=\u00a0\u00bbdefault\u00a0\u00bb global_colors_info=\u00a0\u00bb{}\u00a0\u00bb][et_pb_row custom_padding_last_edited=\u00a0\u00bbon|phone\u00a0\u00bb admin_label=\u00a0\u00bbEx\u00a0\u00bb module_id=\u00a0\u00bbex\u00a0\u00bb _builder_version=\u00a0\u00bb4.19.4&Prime; _module_preset=\u00a0\u00bbdefault\u00a0\u00bb custom_padding=\u00a0\u00bb130px|||||\u00a0\u00bb custom_padding_tablet=\u00a0\u00bb130px|||||\u00a0\u00bb custom_padding_phone=\u00a0\u00bb0px||||false|false\u00a0\u00bb locked=\u00a0\u00bboff\u00a0\u00bb global_colors_info=\u00a0\u00bb{}\u00a0\u00bb][et_pb_column type=\u00a0\u00bb4_4&Prime; _builder_version=\u00a0\u00bb4.19.4&Prime; _module_preset=\u00a0\u00bbdefault\u00a0\u00bb global_colors_info=\u00a0\u00bb{}\u00a0\u00bb][et_pb_text _builder_version=\u00a0\u00bb4.19.4&Prime; _module_preset=\u00a0\u00bbdefault\u00a0\u00bb header_2_font=\u00a0\u00bb|700|||||||\u00a0\u00bb header_2_font_size=\u00a0\u00bb5rem\u00a0\u00bb custom_padding=\u00a0\u00bb||20px||false|false\u00a0\u00bb global_colors_info=\u00a0\u00bb{}\u00a0\u00bb]<\/p>\n<h2>FLUIDBOX EX<\/h2>\n<p>&nbsp;<\/p>\n<p> FluidBox Ex : premier analyseur NIR compact en ligne au monde avec la sp\u00e9cification ATEX zone 1, \u00e0 faible CAPEX et OPEX permettant la transformation digitale<\/p>\n<p>[\/et_pb_text][et_pb_image src=\u00a0\u00bbhttps:\/\/sp3h.com\/wp-content\/uploads\/2022\/12\/bif-Fluidbox-Ex-tn.png\u00a0\u00bb alt=\u00a0\u00bbbif fluidbox ex tn\u00a0\u00bb title_text=\u00a0\u00bbbif fluidbox ex tn\u00a0\u00bb _builder_version=\u00a0\u00bb4.19.4&Prime; _module_preset=\u00a0\u00bbdefault\u00a0\u00bb global_colors_info=\u00a0\u00bb{}\u00a0\u00bb][\/et_pb_image][et_pb_text _builder_version=\u00a0\u00bb4.19.4&Prime; _module_preset=\u00a0\u00bbdefault\u00a0\u00bb text_line_height=\u00a0\u00bb2.2em\u00a0\u00bb header_3_font=\u00a0\u00bbOpen Sans|700|||||||\u00a0\u00bb header_3_text_color=\u00a0\u00bb#483BA2&Prime; header_3_font_size=\u00a0\u00bb2.4rem\u00a0\u00bb custom_padding=\u00a0\u00bb20px||||false|false\u00a0\u00bb locked=\u00a0\u00bboff\u00a0\u00bb global_colors_info=\u00a0\u00bb{}\u00a0\u00bb]<\/p>\n<h3>APPLICATION<\/h3>\n<p>La FluidBox Ex reprend les m\u00eames sp\u00e9cificit\u00e9s et avantages que les solutions FluidBox Micro et FluidBox Spectro, avec une certification de type ATEX\/IECEx, permettant une installation \u00e0 proximit\u00e9 des unit\u00e9s de production (zone 1)<\/p>\n<p>&nbsp;<\/p>\n<h3>MARCH\u00c9<\/h3>\n<p>Industries du raffinage et p\u00e9trochimie, plus g\u00e9n\u00e9ralement Oil &amp; Gaz<\/p>\n<p>&nbsp;<\/p>\n<h3>D\u00c9TAILS<\/h3>\n<p>La FluidBox Ex est \u00e0 destination des industries de proc\u00e9d\u00e9s n\u00e9cessitant une certification ATEX \/ IECEx. Le bo\u00eetier poss\u00e8de une sortie analogique 4\/20 mA et d&rsquo;une sortie num\u00e9rique (RTU\/ModBUS). La longueur des fibres optiques et le choix de la cellule se font en fonction des besoins du client.  <\/p>\n<p>[\/et_pb_text][\/et_pb_column][\/et_pb_row][\/et_pb_section]<\/p>\n","protected":false},"excerpt":{"rendered":"<p>Nos analyseurs FluidBoxSP3H, PREMIER FOURNISSEUR MONDIAL DE CAPTEURS OPTIQUES INTELLIGENTSSur la base de son exp\u00e9rience pass\u00e9e de l&rsquo;industrie p\u00e9troli\u00e8re, agronomique et recyclage des d\u00e9chets, l&rsquo;\u00e9quipe SP3H a \u00e9t\u00e9 la premi\u00e8re au monde \u00e0 d\u00e9velopper une solution miniaturis\u00e9e d\u2019analyse de structures mol\u00e9culaires des fluides par proche infrarouge, compatible avec les environnements les plus difficiles (temp\u00e9rature, vibrations) [&hellip;]<\/p>\n","protected":false},"author":8,"featured_media":0,"parent":0,"menu_order":15,"comment_status":"closed","ping_status":"closed","template":"","meta":{"_seopress_robots_primary_cat":"","_seopress_titles_title":"SP3H - Nos capteurs NIR analysant les carburants et fluides","_seopress_titles_desc":"Nos FluidBox Micro, Spectro et Ex, utilisent la technologie NIR et permettent d&#039;analyser la qualit\u00e9 et compositions mol\u00e9culaires des carburants et fluides. ","_seopress_robots_index":"","_et_pb_use_builder":"on","_et_pb_old_content":"","_et_gb_content_width":"","footnotes":""},"class_list":["post-10598","page","type-page","status-publish"],"_links":{"self":[{"href":"https:\/\/sp3h.com\/fr\/wp-json\/wp\/v2\/pages\/10598","targetHints":{"allow":["GET"]}}],"collection":[{"href":"https:\/\/sp3h.com\/fr\/wp-json\/wp\/v2\/pages"}],"about":[{"href":"https:\/\/sp3h.com\/fr\/wp-json\/wp\/v2\/types\/page"}],"author":[{"embeddable":true,"href":"https:\/\/sp3h.com\/fr\/wp-json\/wp\/v2\/users\/8"}],"replies":[{"embeddable":true,"href":"https:\/\/sp3h.com\/fr\/wp-json\/wp\/v2\/comments?post=10598"}],"version-history":[{"count":0,"href":"https:\/\/sp3h.com\/fr\/wp-json\/wp\/v2\/pages\/10598\/revisions"}],"wp:attachment":[{"href":"https:\/\/sp3h.com\/fr\/wp-json\/wp\/v2\/media?parent=10598"}],"curies":[{"name":"wp","href":"https:\/\/api.w.org\/{rel}","templated":true}]}}