{"id":10494,"date":"2022-12-20T10:18:38","date_gmt":"2022-12-20T09:18:38","guid":{"rendered":"https:\/\/sp3h.com\/rgpd\/"},"modified":"2023-09-08T11:36:19","modified_gmt":"2023-09-08T09:36:19","slug":"rgpd","status":"publish","type":"page","link":"https:\/\/sp3h.com\/fr\/rgpd\/","title":{"rendered":"RGPD"},"content":{"rendered":"<p>[et_pb_section fb_built=\u00a0\u00bb1&Prime; _builder_version=\u00a0\u00bb4.19.4&Prime; _module_preset=\u00a0\u00bbdefault\u00a0\u00bb custom_padding=\u00a0\u00bb60px||150px|||\u00a0\u00bb global_colors_info=\u00a0\u00bb{}\u00a0\u00bb][et_pb_row _builder_version=\u00a0\u00bb4.19.4&Prime; _module_preset=\u00a0\u00bbdefault\u00a0\u00bb global_colors_info=\u00a0\u00bb{}\u00a0\u00bb][et_pb_column type=\u00a0\u00bb4_4&Prime; _builder_version=\u00a0\u00bb4.19.4&Prime; _module_preset=\u00a0\u00bbdefault\u00a0\u00bb global_colors_info=\u00a0\u00bb{}\u00a0\u00bb][et_pb_text _builder_version=\u00a0\u00bb4.19.4&Prime; _module_preset=\u00a0\u00bbdefault\u00a0\u00bb text_line_height=\u00a0\u00bb2.5em\u00a0\u00bb header_2_font=\u00a0\u00bb|700|||||||\u00a0\u00bb header_2_font_size=\u00a0\u00bb5rem\u00a0\u00bb header_3_text_color=\u00a0\u00bb#483BA2&Prime; header_3_font_size=\u00a0\u00bb2.8rem\u00a0\u00bb global_colors_info=\u00a0\u00bb{}\u00a0\u00bb]<\/p>\n<h2>RGPD<\/h2>\n<p>&nbsp;<\/p>\n<p>&nbsp;<\/p>\n<h3>MENTIONS L\u00c9GALES<\/h3>\n<p>&nbsp;<\/p>\n<p><strong>EDITEUR <\/strong><\/p>\n<p>Le Site www.sp3h.com est \u00e9dit\u00e9 et exploit\u00e9 par la soci\u00e9t\u00e9 SP3H dont le si\u00e8ge social est situ\u00e9 B\u00e2t La\u00ebnnec &#8211; Hall B, Avenue Louis Philibert, Domaine du petit Arbois, 13545 Aix-en-Provence , inscrite \u00e0 \u2026 sous le num\u00e9ro\u2026. Le num\u00e9ro de TVA intra-communautaire est &#8230; Le num\u00e9ro de TVA intra-communautaire est &#8230; Le site est h\u00e9berg\u00e9 par WordPress.<\/p>\n<p><strong>CONTACT <\/strong><\/p>\n<p>Notre service Client est joignable par le formulaire de contact sur la page \u00ab Contact \u00bb sur le site www.sp3h.com, via email : webcontact@sp3h.com, ou par courrier : B\u00e2t La\u00ebnnec &#8211; Hall B, BP 40022, Avenue Louis Philibert, Domaine du petit Arbois, 13545 Aix-en-Provence &#8211; FRANCE. PROTECTION ET USAGE DES DONNEES PERSONNELLES La soci\u00e9t\u00e9 SP3H collecte et traite les donn\u00e9es personnelles des internautes dans les conditions d\u00e9crites dans la Politique de confidentialit\u00e9 accessible ici : [link]<\/p>\n<p><strong>PROPRIETE INTELLECTUELLE<\/strong> <\/p>\n<p>Tous les \u00e9l\u00e9ments pr\u00e9sents sur le site www.sp3h.com, qu&rsquo;ils soient visuels, textuels ou sonores, sont la propri\u00e9t\u00e9 exclusive de SP3H, ou du titulaire des droits de propri\u00e9t\u00e9 intellectuelle concern\u00e9 et sont \u00e0 ce titre prot\u00e9g\u00e9s par le code de la propri\u00e9t\u00e9 intellectuelle et le droit d&rsquo;auteur. A ce titre, toute reproduction de l\u2019entreprise SP3H ou du site www.sp3h.com, partielle ou int\u00e9grale, est strictement interdite. Les d\u00e9nominations sociales, marques et signes distinctifs figurant sur le site www.sp3h.com sont prot\u00e9g\u00e9s par les lois fran\u00e7aises et internationales. Toute utilisation, reproduction, diffusion ou repr\u00e9sentation de tout ou partie d&rsquo;un des signes pr\u00e9cit\u00e9s sans autorisation expresse \u00e9crite du titulaire concern\u00e9 est interdite. Vous pouvez mettre en place des liens vers notre site internet si vous le faites de mani\u00e8re loyale et que cela ne porte en aucun cas atteinte \u00e0 notre r\u00e9putation ou profite de notre notori\u00e9t\u00e9. Il vous est toutefois interdit d&rsquo;\u00e9tablir un tel lien de sorte que cela sugg\u00e8re une forme d&rsquo;association si celle-ci n\u2019existe pas.<\/p>\n<p><strong>LIENS HYPERTEXTES <\/strong><\/p>\n<p>Certaines pages de ce site internet pourront pr\u00e9senter des liens avec d\u2019autres sites ou faire des renvois \u00e0 d\u2019autres sites. SP3H ne se porte pas garant du contenu de ces autres sites et ne pourra \u00eatre tenu responsable des dommages r\u00e9sultant de l\u2019utilisation de contenu de ces sites. Les liens vers d\u2019autres sites ne sont fournis que pour la commodit\u00e9 de l\u2019utilisateur de ce site internet.<\/p>\n<p><strong>RESPONSABILITE <\/strong><\/p>\n<p>La responsabilit\u00e9 de SP3H ne peut \u00eatre engag\u00e9e en cas de d\u00e9faillance, panne, difficult\u00e9 ou interruption de fonctionnement, emp\u00eachant l\u2019acc\u00e8s au site ou \u00e0 une de ses fonctionnalit\u00e9s. Le mat\u00e9riel de connexion au site que vous utilisez est sous votre enti\u00e8re responsabilit\u00e9. Vous devez prendre toutes les mesures appropri\u00e9es pour prot\u00e9ger votre mat\u00e9riel et vos propres donn\u00e9es notamment d\u2019attaques virales par Internet. Vous \u00eates par ailleurs seul responsable des sites et donn\u00e9es que vous consultez.<\/p>\n<p><strong>MISE A JOUR DES MENTIONS LEGALES<\/strong><\/p>\n<p>Nous nous r\u00e9servons le droit de modifier, mettre \u00e0 jour ou corriger, \u00e0 tout moment et sans pr\u00e9avis, tout ou partie des pr\u00e9sentes Mentions L\u00e9gales relatives notamment \u00e0 la collecte des donn\u00e9es \u00e0 caract\u00e8re personnelles ou aux informations contenues sur le Site en publiant les Mentions L\u00e9gales mise \u00e0 jour sur le Site. Le fait que vous continuiez \u00e0 utiliser ce Site signifie que vous acceptez les Mentions L\u00e9gales mises \u00e0 jour.<\/p>\n<p><strong>LEGISLATION <\/strong><\/p>\n<p>Les mentions sont r\u00e9gies par les lois fran\u00e7aises et tout litige relatif \u00e0 leur ex\u00e9cution et\/ou leur interpr\u00e9tation sera soumise aux tribunaux fran\u00e7ais.<\/p>\n<p>[\/et_pb_text][\/et_pb_column][\/et_pb_row][\/et_pb_section]<\/p>\n","protected":false},"excerpt":{"rendered":"<p>RGPD &nbsp; &nbsp; MENTIONS L\u00c9GALES &nbsp; EDITEUR Le Site www.sp3h.com est \u00e9dit\u00e9 et exploit\u00e9 par la soci\u00e9t\u00e9 SP3H dont le si\u00e8ge social est situ\u00e9 B\u00e2t La\u00ebnnec &#8211; Hall B, Avenue Louis Philibert, Domaine du petit Arbois, 13545 Aix-en-Provence , inscrite \u00e0 \u2026 sous le num\u00e9ro\u2026. Le num\u00e9ro de TVA intra-communautaire est &#8230; Le num\u00e9ro de [&hellip;]<\/p>\n","protected":false},"author":6,"featured_media":0,"parent":0,"menu_order":30,"comment_status":"closed","ping_status":"closed","template":"","meta":{"_seopress_robots_primary_cat":"","_seopress_titles_title":"%%post_title%% %%sep%% %%sitetitle%%","_seopress_titles_desc":"","_seopress_robots_index":"","_et_pb_use_builder":"on","_et_pb_old_content":"","_et_gb_content_width":"","footnotes":""},"class_list":["post-10494","page","type-page","status-publish"],"_links":{"self":[{"href":"https:\/\/sp3h.com\/fr\/wp-json\/wp\/v2\/pages\/10494","targetHints":{"allow":["GET"]}}],"collection":[{"href":"https:\/\/sp3h.com\/fr\/wp-json\/wp\/v2\/pages"}],"about":[{"href":"https:\/\/sp3h.com\/fr\/wp-json\/wp\/v2\/types\/page"}],"author":[{"embeddable":true,"href":"https:\/\/sp3h.com\/fr\/wp-json\/wp\/v2\/users\/6"}],"replies":[{"embeddable":true,"href":"https:\/\/sp3h.com\/fr\/wp-json\/wp\/v2\/comments?post=10494"}],"version-history":[{"count":0,"href":"https:\/\/sp3h.com\/fr\/wp-json\/wp\/v2\/pages\/10494\/revisions"}],"wp:attachment":[{"href":"https:\/\/sp3h.com\/fr\/wp-json\/wp\/v2\/media?parent=10494"}],"curies":[{"name":"wp","href":"https:\/\/api.w.org\/{rel}","templated":true}]}}